{"id":100,"date":"2026-03-18T02:11:57","date_gmt":"2026-03-18T01:11:57","guid":{"rendered":"https:\/\/21947.adrirodrigof6.es\/?page_id=100"},"modified":"2026-03-25T23:31:45","modified_gmt":"2026-03-25T22:31:45","slug":"sobre-mi","status":"publish","type":"page","link":"https:\/\/21947.adrirodrigof6.es\/pl\/sobre-mi\/","title":{"rendered":"O mnie"},"content":{"rendered":"<div data-elementor-type=\"wp-page\" data-elementor-id=\"100\" class=\"elementor elementor-100\" data-elementor-post-type=\"page\">\n\t\t\t\t<div class=\"elementor-element elementor-element-52c5a9df e-flex e-con-boxed e-con e-parent\" data-id=\"52c5a9df\" data-element_type=\"container\" data-e-type=\"container\" data-settings=\"{&quot;background_background&quot;:&quot;gradient&quot;}\">\n\t\t\t\t\t<div class=\"e-con-inner\">\n\t\t<div class=\"elementor-element elementor-element-36601151 e-con-full e-flex e-con e-child\" data-id=\"36601151\" data-element_type=\"container\" data-e-type=\"container\">\n\t\t\t\t<div class=\"elementor-element elementor-element-4468b186 elementor-widget elementor-widget-heading\" data-id=\"4468b186\" data-element_type=\"widget\" data-e-type=\"widget\" data-widget_type=\"heading.default\">\n\t\t\t\t<div class=\"elementor-widget-container\">\n\t\t\t\t\t<h1 class=\"elementor-heading-title elementor-size-default\">O mnie<\/h1>\t\t\t\t<\/div>\n\t\t\t\t<\/div>\n\t\t\t\t<\/div>\n\t\t\t\t<div class=\"elementor-element elementor-element-1243bfff elementor-absolute elementor-hidden-mobile elementor-widget elementor-widget-image\" data-id=\"1243bfff\" data-element_type=\"widget\" data-e-type=\"widget\" data-settings=\"{&quot;_position&quot;:&quot;absolute&quot;}\" data-widget_type=\"image.default\">\n\t\t\t\t<div class=\"elementor-widget-container\">\n\t\t\t\t\t\t\t\t\t\t\t\t\t\t\t<img fetchpriority=\"high\" decoding=\"async\" width=\"178\" height=\"391\" src=\"https:\/\/21947.adrirodrigof6.es\/wp-content\/uploads\/2026\/03\/designelement-1.png\" class=\"attachment-full size-full wp-image-55\" alt=\"\" srcset=\"https:\/\/21947.adrirodrigof6.es\/wp-content\/uploads\/2026\/03\/designelement-1.png 178w, https:\/\/21947.adrirodrigof6.es\/wp-content\/uploads\/2026\/03\/designelement-1-137x300.png 137w\" sizes=\"(max-width: 178px) 100vw, 178px\" \/>\t\t\t\t\t\t\t\t\t\t\t\t\t\t\t<\/div>\n\t\t\t\t<\/div>\n\t\t\t\t<div class=\"elementor-element elementor-element-26907e10 elementor-absolute elementor-hidden-mobile elementor-widget elementor-widget-image\" data-id=\"26907e10\" data-element_type=\"widget\" data-e-type=\"widget\" data-settings=\"{&quot;_position&quot;:&quot;absolute&quot;}\" data-widget_type=\"image.default\">\n\t\t\t\t<div class=\"elementor-widget-container\">\n\t\t\t\t\t\t\t\t\t\t\t\t\t\t\t<img decoding=\"async\" width=\"180\" height=\"393\" src=\"https:\/\/21947.adrirodrigof6.es\/wp-content\/uploads\/2026\/03\/designelement-2.png\" class=\"attachment-full size-full wp-image-56\" alt=\"\" srcset=\"https:\/\/21947.adrirodrigof6.es\/wp-content\/uploads\/2026\/03\/designelement-2.png 180w, https:\/\/21947.adrirodrigof6.es\/wp-content\/uploads\/2026\/03\/designelement-2-137x300.png 137w\" sizes=\"(max-width: 180px) 100vw, 180px\" \/>\t\t\t\t\t\t\t\t\t\t\t\t\t\t\t<\/div>\n\t\t\t\t<\/div>\n\t\t\t\t\t<\/div>\n\t\t\t\t<\/div>\n\t\t<div class=\"elementor-element elementor-element-5531f58e e-flex e-con-boxed e-con e-parent\" data-id=\"5531f58e\" data-element_type=\"container\" data-e-type=\"container\" data-settings=\"{&quot;background_background&quot;:&quot;classic&quot;}\">\n\t\t\t\t\t<div class=\"e-con-inner\">\n\t\t<div class=\"elementor-element elementor-element-25d87b74 e-con-full e-flex e-con e-child\" data-id=\"25d87b74\" data-element_type=\"container\" data-e-type=\"container\">\n\t\t\t\t<div class=\"elementor-element elementor-element-3c4cc94 elementor-widget elementor-widget-image\" data-id=\"3c4cc94\" data-element_type=\"widget\" data-e-type=\"widget\" data-widget_type=\"image.default\">\n\t\t\t\t<div class=\"elementor-widget-container\">\n\t\t\t\t\t\t\t\t\t\t\t\t\t\t\t<img decoding=\"async\" width=\"540\" height=\"590\" src=\"https:\/\/21947.adrirodrigof6.es\/wp-content\/uploads\/2026\/03\/about-2.jpg\" class=\"attachment-large size-large wp-image-101\" alt=\"\" srcset=\"https:\/\/21947.adrirodrigof6.es\/wp-content\/uploads\/2026\/03\/about-2.jpg 540w, https:\/\/21947.adrirodrigof6.es\/wp-content\/uploads\/2026\/03\/about-2-275x300.jpg 275w\" sizes=\"(max-width: 540px) 100vw, 540px\" \/>\t\t\t\t\t\t\t\t\t\t\t\t\t\t\t<\/div>\n\t\t\t\t<\/div>\n\t\t\t\t<\/div>\n\t\t<div class=\"elementor-element elementor-element-18d6e622 e-con-full e-flex e-con e-child\" data-id=\"18d6e622\" data-element_type=\"container\" data-e-type=\"container\">\n\t\t\t\t<div class=\"elementor-element elementor-element-1ad45025 elementor-widget elementor-widget-heading\" data-id=\"1ad45025\" data-element_type=\"widget\" data-e-type=\"widget\" data-widget_type=\"heading.default\">\n\t\t\t\t<div class=\"elementor-widget-container\">\n\t\t\t\t\t<h2 class=\"elementor-heading-title elementor-size-default\">Do\u015bwiadczenie, indywidualne podej\u015bcie i konkretne wsparcie\n<\/h2>\t\t\t\t<\/div>\n\t\t\t\t<\/div>\n\t\t\t\t<div class=\"elementor-element elementor-element-3beed811 elementor-widget elementor-widget-text-editor\" data-id=\"3beed811\" data-element_type=\"widget\" data-e-type=\"widget\" data-widget_type=\"text-editor.default\">\n\t\t\t\t<div class=\"elementor-widget-container\">\n\t\t\t\t\t\t\t\t\t<p><span style=\"font-weight: 400;\">Specjalizuj\u0119 si\u0119 w obs\u0142udze podatkowej i ksi\u0119gowej os\u00f3b prowadz\u0105cych dzia\u0142alno\u015b\u0107, ma\u0142ych firm, nierezydent\u00f3w oraz cudzoziemc\u00f3w w Hiszpanii. Mam ponad 20 lat do\u015bwiadczenia zawodowego w ksi\u0119gowo\u015bci, audycie i doradztwie finansowym, dzi\u0119ki czemu mog\u0119 oferowa\u0107 wsparcie, kt\u00f3re jest nie tylko poprawne formalnie, ale te\u017c praktyczne i dopasowane do realnych potrzeb klienta.<\/span><\/p><p><span style=\"font-weight: 400;\">Nie ograniczam si\u0119 wy\u0142\u0105cznie do rozlicze\u0144 i obowi\u0105zk\u00f3w urz\u0119dowych. Pomagam r\u00f3wnie\u017c lepiej zrozumie\u0107 sytuacj\u0119 podatkow\u0105 i finansow\u0105, uporz\u0105dkowa\u0107 dzia\u0142alno\u015b\u0107 oraz podejmowa\u0107 decyzje z wi\u0119ksz\u0105 pewno\u015bci\u0105.<\/span><\/p>\t\t\t\t\t\t\t\t<\/div>\n\t\t\t\t<\/div>\n\t\t<div class=\"elementor-element elementor-element-6a9bc06b e-con-full e-flex e-con e-child\" data-id=\"6a9bc06b\" data-element_type=\"container\" data-e-type=\"container\">\n\t\t<div class=\"elementor-element elementor-element-3f632784 e-con-full e-flex e-con e-child\" data-id=\"3f632784\" data-element_type=\"container\" data-e-type=\"container\">\n\t\t\t\t<div class=\"elementor-element elementor-element-1a498fe2 elementor-icon-list--layout-traditional elementor-list-item-link-full_width elementor-widget elementor-widget-icon-list\" data-id=\"1a498fe2\" data-element_type=\"widget\" data-e-type=\"widget\" data-widget_type=\"icon-list.default\">\n\t\t\t\t<div class=\"elementor-widget-container\">\n\t\t\t\t\t\t\t<ul class=\"elementor-icon-list-items\">\n\t\t\t\t\t\t\t<li class=\"elementor-icon-list-item\">\n\t\t\t\t\t\t\t\t\t\t\t<span class=\"elementor-icon-list-icon\">\n\t\t\t\t\t\t\t<svg aria-hidden=\"true\" class=\"e-font-icon-svg e-fas-check\" viewbox=\"0 0 512 512\" xmlns=\"http:\/\/www.w3.org\/2000\/svg\"><path d=\"M173.898 439.404l-166.4-166.4c-9.997-9.997-9.997-26.206 0-36.204l36.203-36.204c9.997-9.998 26.207-9.998 36.204 0L192 312.69 432.095 72.596c9.997-9.997 26.207-9.997 36.204 0l36.203 36.204c9.997 9.997 9.997 26.206 0 36.204l-294.4 294.401c-9.998 9.997-26.207 9.997-36.204-.001z\"><\/path><\/svg>\t\t\t\t\t\t<\/span>\n\t\t\t\t\t\t\t\t\t\t<span class=\"elementor-icon-list-text\">Analizuj\u0119 Twoj\u0105 sytuacj\u0119 i potrzeby<\/span>\n\t\t\t\t\t\t\t\t\t<\/li>\n\t\t\t\t\t\t\t\t<li class=\"elementor-icon-list-item\">\n\t\t\t\t\t\t\t\t\t\t\t<span class=\"elementor-icon-list-icon\">\n\t\t\t\t\t\t\t<svg aria-hidden=\"true\" class=\"e-font-icon-svg e-fas-check\" viewbox=\"0 0 512 512\" xmlns=\"http:\/\/www.w3.org\/2000\/svg\"><path d=\"M173.898 439.404l-166.4-166.4c-9.997-9.997-9.997-26.206 0-36.204l36.203-36.204c9.997-9.998 26.207-9.998 36.204 0L192 312.69 432.095 72.596c9.997-9.997 26.207-9.997 36.204 0l36.203 36.204c9.997 9.997 9.997 26.206 0 36.204l-294.4 294.401c-9.998 9.997-26.207 9.997-36.204-.001z\"><\/path><\/svg>\t\t\t\t\t\t<\/span>\n\t\t\t\t\t\t\t\t\t\t<span class=\"elementor-icon-list-text\">Pomagam uporz\u0105dkowa\u0107 sprawy podatkowe i ksi\u0119gowe<\/span>\n\t\t\t\t\t\t\t\t\t<\/li>\n\t\t\t\t\t\t\t\t<li class=\"elementor-icon-list-item\">\n\t\t\t\t\t\t\t\t\t\t\t<span class=\"elementor-icon-list-icon\">\n\t\t\t\t\t\t\t<svg aria-hidden=\"true\" class=\"e-font-icon-svg e-fas-check\" viewbox=\"0 0 512 512\" xmlns=\"http:\/\/www.w3.org\/2000\/svg\"><path d=\"M173.898 439.404l-166.4-166.4c-9.997-9.997-9.997-26.206 0-36.204l36.203-36.204c9.997-9.998 26.207-9.998 36.204 0L192 312.69 432.095 72.596c9.997-9.997 26.207-9.997 36.204 0l36.203 36.204c9.997 9.997 9.997 26.206 0 36.204l-294.4 294.401c-9.998 9.997-26.207 9.997-36.204-.001z\"><\/path><\/svg>\t\t\t\t\t\t<\/span>\n\t\t\t\t\t\t\t\t\t\t<span class=\"elementor-icon-list-text\">Wspieram w formalno\u015bciach i obowi\u0105zkach<\/span>\n\t\t\t\t\t\t\t\t\t<\/li>\n\t\t\t\t\t\t\t\t<li class=\"elementor-icon-list-item\">\n\t\t\t\t\t\t\t\t\t\t\t<span class=\"elementor-icon-list-icon\">\n\t\t\t\t\t\t\t<svg aria-hidden=\"true\" class=\"e-font-icon-svg e-fas-check\" viewbox=\"0 0 512 512\" xmlns=\"http:\/\/www.w3.org\/2000\/svg\"><path d=\"M173.898 439.404l-166.4-166.4c-9.997-9.997-9.997-26.206 0-36.204l36.203-36.204c9.997-9.998 26.207-9.998 36.204 0L192 312.69 432.095 72.596c9.997-9.997 26.207-9.997 36.204 0l36.203 36.204c9.997 9.997 9.997 26.206 0 36.204l-294.4 294.401c-9.998 9.997-26.207 9.997-36.204-.001z\"><\/path><\/svg>\t\t\t\t\t\t<\/span>\n\t\t\t\t\t\t\t\t\t\t<span class=\"elementor-icon-list-text\">U\u0142atwiam podejmowanie trafnych decyzji<\/span>\n\t\t\t\t\t\t\t\t\t<\/li>\n\t\t\t\t\t\t<\/ul>\n\t\t\t\t\t\t<\/div>\n\t\t\t\t<\/div>\n\t\t\t\t<\/div>\n\t\t\t\t<\/div>\n\t\t\t\t<\/div>\n\t\t\t\t\t<\/div>\n\t\t\t\t<\/div>\n\t\t<div class=\"elementor-element elementor-element-2182bbd5 e-con-full e-flex e-con e-parent\" data-id=\"2182bbd5\" data-element_type=\"container\" data-e-type=\"container\" data-settings=\"{&quot;background_background&quot;:&quot;classic&quot;}\">\n\t\t<div class=\"elementor-element elementor-element-2025bbb6 e-con-full e-flex e-con e-child\" data-id=\"2025bbb6\" data-element_type=\"container\" data-e-type=\"container\" data-settings=\"{&quot;background_background&quot;:&quot;classic&quot;}\">\n\t\t\t\t<\/div>\n\t\t<div class=\"elementor-element elementor-element-11f62538 e-con-full e-flex e-con e-child\" data-id=\"11f62538\" data-element_type=\"container\" data-e-type=\"container\">\n\t\t<div class=\"elementor-element elementor-element-28a85b3e e-con-full mission-bar e-flex e-con e-child\" data-id=\"28a85b3e\" data-element_type=\"container\" data-e-type=\"container\">\n\t\t\t\t<div class=\"elementor-element elementor-element-2254f909 elementor-widget elementor-widget-heading\" data-id=\"2254f909\" data-element_type=\"widget\" data-e-type=\"widget\" data-widget_type=\"heading.default\">\n\t\t\t\t<div class=\"elementor-widget-container\">\n\t\t\t\t\t<h2 class=\"elementor-heading-title elementor-size-default\">Jak pracuj\u0119<\/h2>\t\t\t\t<\/div>\n\t\t\t\t<\/div>\n\t\t\t\t<div class=\"elementor-element elementor-element-3471e956 elementor-widget elementor-widget-text-editor\" data-id=\"3471e956\" data-element_type=\"widget\" data-e-type=\"widget\" data-widget_type=\"text-editor.default\">\n\t\t\t\t<div class=\"elementor-widget-container\">\n\t\t\t\t\t\t\t\t\t<p><span style=\"font-weight: 400;\">Stawiam na jasn\u0105 komunikacj\u0119, indywidualne podej\u015bcie i rozwi\u0105zania dopasowane do konkretnej sytuacji. Ka\u017cdy klient ma inne potrzeby, dlatego wa\u017cne jest dla mnie doradztwo, kt\u00f3re jest zrozumia\u0142e, rzetelne i praktyczne.<\/span><\/p><p><span style=\"font-weight: 400;\">Moim celem jest zapewnienie wsparcia, kt\u00f3re daje wi\u0119kszy spok\u00f3j, porz\u0105dek i poczucie bezpiecze\u0144stwa w prowadzeniu dzia\u0142alno\u015bci lub za\u0142atwianiu spraw w Hiszpanii.\u00a0<\/span><\/p>\t\t\t\t\t\t\t\t<\/div>\n\t\t\t\t<\/div>\n\t\t\t\t<\/div>\n\t\t\t\t<div class=\"elementor-element elementor-element-584cc312 elementor-absolute elementor-hidden-laptop elementor-hidden-tablet elementor-hidden-mobile elementor-widget elementor-widget-image\" data-id=\"584cc312\" data-element_type=\"widget\" data-e-type=\"widget\" data-settings=\"{&quot;_position&quot;:&quot;absolute&quot;}\" data-widget_type=\"image.default\">\n\t\t\t\t<div class=\"elementor-widget-container\">\n\t\t\t\t\t\t\t\t\t\t\t\t\t\t\t<img loading=\"lazy\" decoding=\"async\" width=\"105\" height=\"350\" src=\"https:\/\/21947.adrirodrigof6.es\/wp-content\/uploads\/2026\/03\/mission-design.png\" class=\"attachment-large size-large wp-image-104\" alt=\"\" srcset=\"https:\/\/21947.adrirodrigof6.es\/wp-content\/uploads\/2026\/03\/mission-design.png 105w, https:\/\/21947.adrirodrigof6.es\/wp-content\/uploads\/2026\/03\/mission-design-90x300.png 90w\" sizes=\"(max-width: 105px) 100vw, 105px\" \/>\t\t\t\t\t\t\t\t\t\t\t\t\t\t\t<\/div>\n\t\t\t\t<\/div>\n\t\t\t\t<\/div>\n\t\t\t\t<\/div>\n\t\t<div class=\"elementor-element elementor-element-738c7db8 e-flex e-con-boxed e-con e-parent\" data-id=\"738c7db8\" data-element_type=\"container\" data-e-type=\"container\" data-settings=\"{&quot;background_background&quot;:&quot;classic&quot;}\">\n\t\t\t\t\t<div class=\"e-con-inner\">\n\t\t\t\t<div class=\"elementor-element elementor-element-9d91de elementor-widget elementor-widget-heading\" data-id=\"9d91de\" data-element_type=\"widget\" data-e-type=\"widget\" data-widget_type=\"heading.default\">\n\t\t\t\t<div class=\"elementor-widget-container\">\n\t\t\t\t\t<div class=\"elementor-heading-title elementor-size-default\">Porozmawia\u0107 p\u00f3\u017aniej?<\/div>\t\t\t\t<\/div>\n\t\t\t\t<\/div>\n\t\t\t\t<div class=\"elementor-element elementor-element-252f8695 elementor-widget elementor-widget-heading\" data-id=\"252f8695\" data-element_type=\"widget\" data-e-type=\"widget\" data-widget_type=\"heading.default\">\n\t\t\t\t<div class=\"elementor-widget-container\">\n\t\t\t\t\t<h2 class=\"elementor-heading-title elementor-size-default\">Je\u015bli potrzebujesz porady podatkowej lub ksi\u0119gowej, ch\u0119tnie pomog\u0119.<\/h2>\t\t\t\t<\/div>\n\t\t\t\t<\/div>\n\t\t<div class=\"elementor-element elementor-element-4f5e15fd e-con-full e-flex e-con e-child\" data-id=\"4f5e15fd\" data-element_type=\"container\" data-e-type=\"container\">\n\t\t\t\t<div class=\"elementor-element elementor-element-1bda09e3 elementor-widget elementor-widget-button\" data-id=\"1bda09e3\" data-element_type=\"widget\" data-e-type=\"widget\" data-widget_type=\"button.default\">\n\t\t\t\t<div class=\"elementor-widget-container\">\n\t\t\t\t\t\t\t\t\t<div class=\"elementor-button-wrapper\">\n\t\t\t\t\t<a class=\"elementor-button elementor-button-link elementor-size-sm\" href=\"https:\/\/21947.adrirodrigof6.es\/pl\/contacto\/\">\n\t\t\t\t\t\t<span class=\"elementor-button-content-wrapper\">\n\t\t\t\t\t\t\t\t\t<span class=\"elementor-button-text\">Kontakt<\/span>\n\t\t\t\t\t<\/span>\n\t\t\t\t\t<\/a>\n\t\t\t\t<\/div>\n\t\t\t\t\t\t\t\t<\/div>\n\t\t\t\t<\/div>\n\t\t\t\t<div class=\"elementor-element elementor-element-135ccdd5 elementor-align-right elementor-widget elementor-widget-button\" data-id=\"135ccdd5\" data-element_type=\"widget\" data-e-type=\"widget\" data-widget_type=\"button.default\">\n\t\t\t\t<div class=\"elementor-widget-container\">\n\t\t\t\t\t\t\t\t\t<div class=\"elementor-button-wrapper\">\n\t\t\t\t\t<a class=\"elementor-button elementor-button-link elementor-size-sm\" href=\"https:\/\/21947.adrirodrigof6.es\/pl\/contacto\/\">\n\t\t\t\t\t\t<span class=\"elementor-button-content-wrapper\">\n\t\t\t\t\t\t<span class=\"elementor-button-icon\">\n\t\t\t\t<i aria-hidden=\"true\" class=\"jki jki-arrow-right-solid\"><\/i>\t\t\t<\/span>\n\t\t\t\t\t\t\t\t<\/span>\n\t\t\t\t\t<\/a>\n\t\t\t\t<\/div>\n\t\t\t\t\t\t\t\t<\/div>\n\t\t\t\t<\/div>\n\t\t\t\t<\/div>\n\t\t\t\t\t<\/div>\n\t\t\t\t<\/div>\n\t\t\t\t<\/div>","protected":false},"excerpt":{"rendered":"<p>Sobre m\u00ed Experiencia, cercan\u00eda y asesoramiento personalizado Soy asesor fiscal y contable especializado en aut\u00f3nomos, peque\u00f1as empresas, no residentes y extranjeros en Espa\u00f1a. Cuento con m\u00e1s de 20 a\u00f1os de experiencia profesional en contabilidad, auditor\u00eda y consultor\u00eda financiera, lo que me permite ofrecer un servicio claro, completo y adaptado a cada situaci\u00f3n. No me limito [&hellip;]<\/p>\n","protected":false},"author":7,"featured_media":0,"parent":0,"menu_order":0,"comment_status":"closed","ping_status":"closed","template":"","meta":{"footnotes":""},"class_list":["post-100","page","type-page","status-publish","hentry"],"yoast_head":"<!-- This site is optimized with the Yoast SEO plugin v27.6 - https:\/\/yoast.com\/product\/yoast-seo-wordpress\/ -->\n<title>Sobre M\u00ed - Rafa\u0142 Liponoga<\/title>\n<meta name=\"robots\" content=\"noindex, follow, max-snippet:-1, max-image-preview:large, max-video-preview:-1\" \/>\n<meta property=\"og:locale\" content=\"pl_PL\" \/>\n<meta property=\"og:type\" content=\"article\" \/>\n<meta property=\"og:title\" content=\"Sobre M\u00ed - Rafa\u0142 Liponoga\" \/>\n<meta property=\"og:description\" content=\"Sobre m\u00ed Experiencia, cercan\u00eda y asesoramiento personalizado Soy asesor fiscal y contable especializado en aut\u00f3nomos, peque\u00f1as empresas, no residentes y extranjeros en Espa\u00f1a. Cuento con m\u00e1s de 20 a\u00f1os de experiencia profesional en contabilidad, auditor\u00eda y consultor\u00eda financiera, lo que me permite ofrecer un servicio claro, completo y adaptado a cada situaci\u00f3n. No me limito [&hellip;]\" \/>\n<meta property=\"og:url\" content=\"https:\/\/21947.adrirodrigof6.es\/pl\/sobre-mi\/\" \/>\n<meta property=\"og:site_name\" content=\"Rafa\u0142 Liponoga\" \/>\n<meta property=\"article:modified_time\" content=\"2026-03-25T22:31:45+00:00\" \/>\n<meta property=\"og:image\" content=\"https:\/\/21947.adrirodrigof6.es\/wp-content\/uploads\/2026\/03\/designelement-1.png\" \/>\n\t<meta property=\"og:image:width\" content=\"178\" \/>\n\t<meta property=\"og:image:height\" content=\"391\" \/>\n\t<meta property=\"og:image:type\" content=\"image\/png\" \/>\n<meta name=\"twitter:card\" content=\"summary_large_image\" \/>\n<meta name=\"twitter:label1\" content=\"Szacowany czas czytania\" \/>\n\t<meta name=\"twitter:data1\" content=\"2 minuty\" \/>\n<script type=\"application\/ld+json\" class=\"yoast-schema-graph\">{\"@context\":\"https:\\\/\\\/schema.org\",\"@graph\":[{\"@type\":\"WebPage\",\"@id\":\"https:\\\/\\\/21947.adrirodrigof6.es\\\/sobre-mi\\\/\",\"url\":\"https:\\\/\\\/21947.adrirodrigof6.es\\\/sobre-mi\\\/\",\"name\":\"Sobre M\u00ed - Rafa\u0142 Liponoga\",\"isPartOf\":{\"@id\":\"https:\\\/\\\/21947.adrirodrigof6.es\\\/#website\"},\"primaryImageOfPage\":{\"@id\":\"https:\\\/\\\/21947.adrirodrigof6.es\\\/sobre-mi\\\/#primaryimage\"},\"image\":{\"@id\":\"https:\\\/\\\/21947.adrirodrigof6.es\\\/sobre-mi\\\/#primaryimage\"},\"thumbnailUrl\":\"https:\\\/\\\/21947.adrirodrigof6.es\\\/wp-content\\\/uploads\\\/2026\\\/03\\\/designelement-1.png\",\"datePublished\":\"2026-03-18T01:11:57+00:00\",\"dateModified\":\"2026-03-25T22:31:45+00:00\",\"breadcrumb\":{\"@id\":\"https:\\\/\\\/21947.adrirodrigof6.es\\\/sobre-mi\\\/#breadcrumb\"},\"inLanguage\":\"pl-PL\",\"potentialAction\":[{\"@type\":\"ReadAction\",\"target\":[\"https:\\\/\\\/21947.adrirodrigof6.es\\\/sobre-mi\\\/\"]}]},{\"@type\":\"ImageObject\",\"inLanguage\":\"pl-PL\",\"@id\":\"https:\\\/\\\/21947.adrirodrigof6.es\\\/sobre-mi\\\/#primaryimage\",\"url\":\"https:\\\/\\\/21947.adrirodrigof6.es\\\/wp-content\\\/uploads\\\/2026\\\/03\\\/designelement-1.png\",\"contentUrl\":\"https:\\\/\\\/21947.adrirodrigof6.es\\\/wp-content\\\/uploads\\\/2026\\\/03\\\/designelement-1.png\"},{\"@type\":\"BreadcrumbList\",\"@id\":\"https:\\\/\\\/21947.adrirodrigof6.es\\\/sobre-mi\\\/#breadcrumb\",\"itemListElement\":[{\"@type\":\"ListItem\",\"position\":1,\"name\":\"Portada\",\"item\":\"https:\\\/\\\/21947.adrirodrigof6.es\\\/\"},{\"@type\":\"ListItem\",\"position\":2,\"name\":\"Sobre M\u00ed\"}]},{\"@type\":\"WebSite\",\"@id\":\"https:\\\/\\\/21947.adrirodrigof6.es\\\/#website\",\"url\":\"https:\\\/\\\/21947.adrirodrigof6.es\\\/\",\"name\":\"Rafa\u0142 Liponoga\",\"description\":\"\",\"potentialAction\":[{\"@type\":\"SearchAction\",\"target\":{\"@type\":\"EntryPoint\",\"urlTemplate\":\"https:\\\/\\\/21947.adrirodrigof6.es\\\/?s={search_term_string}\"},\"query-input\":{\"@type\":\"PropertyValueSpecification\",\"valueRequired\":true,\"valueName\":\"search_term_string\"}}],\"inLanguage\":\"pl-PL\"}]}<\/script>\n<!-- \/ Yoast SEO plugin. -->","yoast_head_json":{"title":"Sobre M\u00ed - Rafa\u0142 Liponoga","robots":{"index":"noindex","follow":"follow","max-snippet":"max-snippet:-1","max-image-preview":"max-image-preview:large","max-video-preview":"max-video-preview:-1"},"og_locale":"pl_PL","og_type":"article","og_title":"Sobre M\u00ed - Rafa\u0142 Liponoga","og_description":"Sobre m\u00ed Experiencia, cercan\u00eda y asesoramiento personalizado Soy asesor fiscal y contable especializado en aut\u00f3nomos, peque\u00f1as empresas, no residentes y extranjeros en Espa\u00f1a. Cuento con m\u00e1s de 20 a\u00f1os de experiencia profesional en contabilidad, auditor\u00eda y consultor\u00eda financiera, lo que me permite ofrecer un servicio claro, completo y adaptado a cada situaci\u00f3n. No me limito [&hellip;]","og_url":"https:\/\/21947.adrirodrigof6.es\/pl\/sobre-mi\/","og_site_name":"Rafa\u0142 Liponoga","article_modified_time":"2026-03-25T22:31:45+00:00","og_image":[{"width":178,"height":391,"url":"https:\/\/21947.adrirodrigof6.es\/wp-content\/uploads\/2026\/03\/designelement-1.png","type":"image\/png"}],"twitter_card":"summary_large_image","twitter_misc":{"Szacowany czas czytania":"2 minuty"},"schema":{"@context":"https:\/\/schema.org","@graph":[{"@type":"WebPage","@id":"https:\/\/21947.adrirodrigof6.es\/sobre-mi\/","url":"https:\/\/21947.adrirodrigof6.es\/sobre-mi\/","name":"Sobre M\u00ed - Rafa\u0142 Liponoga","isPartOf":{"@id":"https:\/\/21947.adrirodrigof6.es\/#website"},"primaryImageOfPage":{"@id":"https:\/\/21947.adrirodrigof6.es\/sobre-mi\/#primaryimage"},"image":{"@id":"https:\/\/21947.adrirodrigof6.es\/sobre-mi\/#primaryimage"},"thumbnailUrl":"https:\/\/21947.adrirodrigof6.es\/wp-content\/uploads\/2026\/03\/designelement-1.png","datePublished":"2026-03-18T01:11:57+00:00","dateModified":"2026-03-25T22:31:45+00:00","breadcrumb":{"@id":"https:\/\/21947.adrirodrigof6.es\/sobre-mi\/#breadcrumb"},"inLanguage":"pl-PL","potentialAction":[{"@type":"ReadAction","target":["https:\/\/21947.adrirodrigof6.es\/sobre-mi\/"]}]},{"@type":"ImageObject","inLanguage":"pl-PL","@id":"https:\/\/21947.adrirodrigof6.es\/sobre-mi\/#primaryimage","url":"https:\/\/21947.adrirodrigof6.es\/wp-content\/uploads\/2026\/03\/designelement-1.png","contentUrl":"https:\/\/21947.adrirodrigof6.es\/wp-content\/uploads\/2026\/03\/designelement-1.png"},{"@type":"BreadcrumbList","@id":"https:\/\/21947.adrirodrigof6.es\/sobre-mi\/#breadcrumb","itemListElement":[{"@type":"ListItem","position":1,"name":"Portada","item":"https:\/\/21947.adrirodrigof6.es\/"},{"@type":"ListItem","position":2,"name":"Sobre M\u00ed"}]},{"@type":"WebSite","@id":"https:\/\/21947.adrirodrigof6.es\/#website","url":"https:\/\/21947.adrirodrigof6.es\/","name":"Rafa\u0142 Liponoga","description":"","potentialAction":[{"@type":"SearchAction","target":{"@type":"EntryPoint","urlTemplate":"https:\/\/21947.adrirodrigof6.es\/?s={search_term_string}"},"query-input":{"@type":"PropertyValueSpecification","valueRequired":true,"valueName":"search_term_string"}}],"inLanguage":"pl-PL"}]}},"_links":{"self":[{"href":"https:\/\/21947.adrirodrigof6.es\/pl\/wp-json\/wp\/v2\/pages\/100","targetHints":{"allow":["GET"]}}],"collection":[{"href":"https:\/\/21947.adrirodrigof6.es\/pl\/wp-json\/wp\/v2\/pages"}],"about":[{"href":"https:\/\/21947.adrirodrigof6.es\/pl\/wp-json\/wp\/v2\/types\/page"}],"author":[{"embeddable":true,"href":"https:\/\/21947.adrirodrigof6.es\/pl\/wp-json\/wp\/v2\/users\/7"}],"replies":[{"embeddable":true,"href":"https:\/\/21947.adrirodrigof6.es\/pl\/wp-json\/wp\/v2\/comments?post=100"}],"version-history":[{"count":12,"href":"https:\/\/21947.adrirodrigof6.es\/pl\/wp-json\/wp\/v2\/pages\/100\/revisions"}],"predecessor-version":[{"id":287,"href":"https:\/\/21947.adrirodrigof6.es\/pl\/wp-json\/wp\/v2\/pages\/100\/revisions\/287"}],"wp:attachment":[{"href":"https:\/\/21947.adrirodrigof6.es\/pl\/wp-json\/wp\/v2\/media?parent=100"}],"curies":[{"name":"wp","href":"https:\/\/api.w.org\/{rel}","templated":true}]}}