{"id":14,"date":"2025-06-19T16:52:33","date_gmt":"2025-06-19T14:52:33","guid":{"rendered":"https:\/\/21947.adrirodrigof6.es\/?page_id=14"},"modified":"2026-03-18T04:05:24","modified_gmt":"2026-03-18T03:05:24","slug":"accesibilidad","status":"publish","type":"page","link":"https:\/\/21947.adrirodrigof6.es\/pl\/accesibilidad\/","title":{"rendered":"Dost\u0119pno\u015b\u0107"},"content":{"rendered":"<div data-elementor-type=\"wp-page\" data-elementor-id=\"14\" class=\"elementor elementor-14\" data-elementor-post-type=\"page\">\n\t\t\t\t<div class=\"elementor-element elementor-element-fda216c e-flex e-con-boxed e-con e-parent\" data-id=\"fda216c\" data-element_type=\"container\" data-e-type=\"container\" data-settings=\"{&quot;background_background&quot;:&quot;gradient&quot;}\">\n\t\t\t\t\t<div class=\"e-con-inner\">\n\t\t<div class=\"elementor-element elementor-element-21debc8 e-con-full e-flex e-con e-child\" data-id=\"21debc8\" data-element_type=\"container\" data-e-type=\"container\">\n\t\t\t\t<\/div>\n\t\t\t\t<div class=\"elementor-element elementor-element-6e2f5ce elementor-absolute elementor-hidden-mobile elementor-widget elementor-widget-image\" data-id=\"6e2f5ce\" data-element_type=\"widget\" data-e-type=\"widget\" data-settings=\"{&quot;_position&quot;:&quot;absolute&quot;}\" data-widget_type=\"image.default\">\n\t\t\t\t<div class=\"elementor-widget-container\">\n\t\t\t\t\t\t\t\t\t\t\t\t\t\t\t<img fetchpriority=\"high\" decoding=\"async\" width=\"178\" height=\"391\" src=\"https:\/\/21947.adrirodrigof6.es\/wp-content\/uploads\/2026\/03\/designelement-1.png\" class=\"attachment-full size-full wp-image-55\" alt=\"\" srcset=\"https:\/\/21947.adrirodrigof6.es\/wp-content\/uploads\/2026\/03\/designelement-1.png 178w, https:\/\/21947.adrirodrigof6.es\/wp-content\/uploads\/2026\/03\/designelement-1-137x300.png 137w\" sizes=\"(max-width: 178px) 100vw, 178px\" \/>\t\t\t\t\t\t\t\t\t\t\t\t\t\t\t<\/div>\n\t\t\t\t<\/div>\n\t\t\t\t<div class=\"elementor-element elementor-element-783c443 elementor-absolute elementor-hidden-mobile elementor-widget elementor-widget-image\" data-id=\"783c443\" data-element_type=\"widget\" data-e-type=\"widget\" data-settings=\"{&quot;_position&quot;:&quot;absolute&quot;}\" data-widget_type=\"image.default\">\n\t\t\t\t<div class=\"elementor-widget-container\">\n\t\t\t\t\t\t\t\t\t\t\t\t\t\t\t<img decoding=\"async\" width=\"180\" height=\"393\" src=\"https:\/\/21947.adrirodrigof6.es\/wp-content\/uploads\/2026\/03\/designelement-2.png\" class=\"attachment-full size-full wp-image-56\" alt=\"\" srcset=\"https:\/\/21947.adrirodrigof6.es\/wp-content\/uploads\/2026\/03\/designelement-2.png 180w, https:\/\/21947.adrirodrigof6.es\/wp-content\/uploads\/2026\/03\/designelement-2-137x300.png 137w\" sizes=\"(max-width: 180px) 100vw, 180px\" \/>\t\t\t\t\t\t\t\t\t\t\t\t\t\t\t<\/div>\n\t\t\t\t<\/div>\n\t\t\t\t\t<\/div>\n\t\t\t\t<\/div>\n\t\t<div class=\"elementor-element elementor-element-c9bba67 e-flex e-con-boxed e-con e-parent\" data-id=\"c9bba67\" data-element_type=\"container\" data-e-type=\"container\">\n\t\t\t\t\t<div class=\"e-con-inner\">\n\t\t\t\t<div class=\"elementor-element elementor-element-a444e23 elementor-widget elementor-widget-text-editor\" data-id=\"a444e23\" data-element_type=\"widget\" data-e-type=\"widget\" data-widget_type=\"text-editor.default\">\n\t\t\t\t<div class=\"elementor-widget-container\">\n\t\t\t\t\t\t\t\t\t<p>Lorem ipsum dolor sit amet, consectetur adipiscing elit. Ut elit tellus, luctus nec ullamcorper mattis, pulvinar dapibus leo.<\/p>\t\t\t\t\t\t\t\t<\/div>\n\t\t\t\t<\/div>\n\t\t\t\t\t<\/div>\n\t\t\t\t<\/div>\n\t\t\t\t<\/div>","protected":false},"excerpt":{"rendered":"<p>Lorem ipsum dolor sit amet, consectetur adipiscing elit. Ut elit tellus, luctus nec ullamcorper mattis, pulvinar dapibus leo.<\/p>","protected":false},"author":2,"featured_media":0,"parent":0,"menu_order":0,"comment_status":"closed","ping_status":"closed","template":"","meta":{"footnotes":""},"class_list":["post-14","page","type-page","status-publish","hentry"],"yoast_head":"<!-- This site is optimized with the Yoast SEO plugin v27.6 - https:\/\/yoast.com\/product\/yoast-seo-wordpress\/ -->\n<title>Accesibilidad - Rafa\u0142 Liponoga<\/title>\n<meta name=\"robots\" content=\"noindex, follow\" \/>\n<meta property=\"og:locale\" content=\"pl_PL\" \/>\n<meta property=\"og:type\" content=\"article\" \/>\n<meta property=\"og:title\" content=\"Accesibilidad - Rafa\u0142 Liponoga\" \/>\n<meta property=\"og:description\" content=\"Lorem ipsum dolor sit amet, consectetur adipiscing elit. Ut elit tellus, luctus nec ullamcorper mattis, pulvinar dapibus leo.\" \/>\n<meta property=\"og:url\" content=\"https:\/\/21947.adrirodrigof6.es\/pl\/accesibilidad\/\" \/>\n<meta property=\"og:site_name\" content=\"Rafa\u0142 Liponoga\" \/>\n<meta property=\"article:modified_time\" content=\"2026-03-18T03:05:24+00:00\" \/>\n<meta property=\"og:image\" content=\"https:\/\/21947.adrirodrigof6.es\/wp-content\/uploads\/2026\/03\/designelement-1.png\" \/>\n\t<meta property=\"og:image:width\" content=\"178\" \/>\n\t<meta property=\"og:image:height\" content=\"391\" \/>\n\t<meta property=\"og:image:type\" content=\"image\/png\" \/>\n<meta name=\"twitter:card\" content=\"summary_large_image\" \/>\n<meta name=\"twitter:label1\" content=\"Szacowany czas czytania\" \/>\n\t<meta name=\"twitter:data1\" content=\"1 minuta\" \/>\n<script type=\"application\/ld+json\" class=\"yoast-schema-graph\">{\"@context\":\"https:\\\/\\\/schema.org\",\"@graph\":[{\"@type\":\"WebPage\",\"@id\":\"https:\\\/\\\/21947.adrirodrigof6.es\\\/accesibilidad\\\/\",\"url\":\"https:\\\/\\\/21947.adrirodrigof6.es\\\/accesibilidad\\\/\",\"name\":\"Accesibilidad - Rafa\u0142 Liponoga\",\"isPartOf\":{\"@id\":\"https:\\\/\\\/21947.adrirodrigof6.es\\\/#website\"},\"primaryImageOfPage\":{\"@id\":\"https:\\\/\\\/21947.adrirodrigof6.es\\\/accesibilidad\\\/#primaryimage\"},\"image\":{\"@id\":\"https:\\\/\\\/21947.adrirodrigof6.es\\\/accesibilidad\\\/#primaryimage\"},\"thumbnailUrl\":\"https:\\\/\\\/21947.adrirodrigof6.es\\\/wp-content\\\/uploads\\\/2026\\\/03\\\/designelement-1.png\",\"datePublished\":\"2025-06-19T14:52:33+00:00\",\"dateModified\":\"2026-03-18T03:05:24+00:00\",\"breadcrumb\":{\"@id\":\"https:\\\/\\\/21947.adrirodrigof6.es\\\/accesibilidad\\\/#breadcrumb\"},\"inLanguage\":\"pl-PL\",\"potentialAction\":[{\"@type\":\"ReadAction\",\"target\":[\"https:\\\/\\\/21947.adrirodrigof6.es\\\/accesibilidad\\\/\"]}]},{\"@type\":\"ImageObject\",\"inLanguage\":\"pl-PL\",\"@id\":\"https:\\\/\\\/21947.adrirodrigof6.es\\\/accesibilidad\\\/#primaryimage\",\"url\":\"https:\\\/\\\/21947.adrirodrigof6.es\\\/wp-content\\\/uploads\\\/2026\\\/03\\\/designelement-1.png\",\"contentUrl\":\"https:\\\/\\\/21947.adrirodrigof6.es\\\/wp-content\\\/uploads\\\/2026\\\/03\\\/designelement-1.png\"},{\"@type\":\"BreadcrumbList\",\"@id\":\"https:\\\/\\\/21947.adrirodrigof6.es\\\/accesibilidad\\\/#breadcrumb\",\"itemListElement\":[{\"@type\":\"ListItem\",\"position\":1,\"name\":\"Portada\",\"item\":\"https:\\\/\\\/21947.adrirodrigof6.es\\\/\"},{\"@type\":\"ListItem\",\"position\":2,\"name\":\"Accesibilidad\"}]},{\"@type\":\"WebSite\",\"@id\":\"https:\\\/\\\/21947.adrirodrigof6.es\\\/#website\",\"url\":\"https:\\\/\\\/21947.adrirodrigof6.es\\\/\",\"name\":\"Rafa\u0142 Liponoga\",\"description\":\"\",\"potentialAction\":[{\"@type\":\"SearchAction\",\"target\":{\"@type\":\"EntryPoint\",\"urlTemplate\":\"https:\\\/\\\/21947.adrirodrigof6.es\\\/?s={search_term_string}\"},\"query-input\":{\"@type\":\"PropertyValueSpecification\",\"valueRequired\":true,\"valueName\":\"search_term_string\"}}],\"inLanguage\":\"pl-PL\"}]}<\/script>\n<!-- \/ Yoast SEO plugin. -->","yoast_head_json":{"title":"Accesibilidad - Rafa\u0142 Liponoga","robots":{"index":"noindex","follow":"follow"},"og_locale":"pl_PL","og_type":"article","og_title":"Accesibilidad - Rafa\u0142 Liponoga","og_description":"Lorem ipsum dolor sit amet, consectetur adipiscing elit. Ut elit tellus, luctus nec ullamcorper mattis, pulvinar dapibus leo.","og_url":"https:\/\/21947.adrirodrigof6.es\/pl\/accesibilidad\/","og_site_name":"Rafa\u0142 Liponoga","article_modified_time":"2026-03-18T03:05:24+00:00","og_image":[{"width":178,"height":391,"url":"https:\/\/21947.adrirodrigof6.es\/wp-content\/uploads\/2026\/03\/designelement-1.png","type":"image\/png"}],"twitter_card":"summary_large_image","twitter_misc":{"Szacowany czas czytania":"1 minuta"},"schema":{"@context":"https:\/\/schema.org","@graph":[{"@type":"WebPage","@id":"https:\/\/21947.adrirodrigof6.es\/accesibilidad\/","url":"https:\/\/21947.adrirodrigof6.es\/accesibilidad\/","name":"Accesibilidad - Rafa\u0142 Liponoga","isPartOf":{"@id":"https:\/\/21947.adrirodrigof6.es\/#website"},"primaryImageOfPage":{"@id":"https:\/\/21947.adrirodrigof6.es\/accesibilidad\/#primaryimage"},"image":{"@id":"https:\/\/21947.adrirodrigof6.es\/accesibilidad\/#primaryimage"},"thumbnailUrl":"https:\/\/21947.adrirodrigof6.es\/wp-content\/uploads\/2026\/03\/designelement-1.png","datePublished":"2025-06-19T14:52:33+00:00","dateModified":"2026-03-18T03:05:24+00:00","breadcrumb":{"@id":"https:\/\/21947.adrirodrigof6.es\/accesibilidad\/#breadcrumb"},"inLanguage":"pl-PL","potentialAction":[{"@type":"ReadAction","target":["https:\/\/21947.adrirodrigof6.es\/accesibilidad\/"]}]},{"@type":"ImageObject","inLanguage":"pl-PL","@id":"https:\/\/21947.adrirodrigof6.es\/accesibilidad\/#primaryimage","url":"https:\/\/21947.adrirodrigof6.es\/wp-content\/uploads\/2026\/03\/designelement-1.png","contentUrl":"https:\/\/21947.adrirodrigof6.es\/wp-content\/uploads\/2026\/03\/designelement-1.png"},{"@type":"BreadcrumbList","@id":"https:\/\/21947.adrirodrigof6.es\/accesibilidad\/#breadcrumb","itemListElement":[{"@type":"ListItem","position":1,"name":"Portada","item":"https:\/\/21947.adrirodrigof6.es\/"},{"@type":"ListItem","position":2,"name":"Accesibilidad"}]},{"@type":"WebSite","@id":"https:\/\/21947.adrirodrigof6.es\/#website","url":"https:\/\/21947.adrirodrigof6.es\/","name":"Rafa\u0142 Liponoga","description":"","potentialAction":[{"@type":"SearchAction","target":{"@type":"EntryPoint","urlTemplate":"https:\/\/21947.adrirodrigof6.es\/?s={search_term_string}"},"query-input":{"@type":"PropertyValueSpecification","valueRequired":true,"valueName":"search_term_string"}}],"inLanguage":"pl-PL"}]}},"_links":{"self":[{"href":"https:\/\/21947.adrirodrigof6.es\/pl\/wp-json\/wp\/v2\/pages\/14","targetHints":{"allow":["GET"]}}],"collection":[{"href":"https:\/\/21947.adrirodrigof6.es\/pl\/wp-json\/wp\/v2\/pages"}],"about":[{"href":"https:\/\/21947.adrirodrigof6.es\/pl\/wp-json\/wp\/v2\/types\/page"}],"author":[{"embeddable":true,"href":"https:\/\/21947.adrirodrigof6.es\/pl\/wp-json\/wp\/v2\/users\/2"}],"replies":[{"embeddable":true,"href":"https:\/\/21947.adrirodrigof6.es\/pl\/wp-json\/wp\/v2\/comments?post=14"}],"version-history":[{"count":4,"href":"https:\/\/21947.adrirodrigof6.es\/pl\/wp-json\/wp\/v2\/pages\/14\/revisions"}],"predecessor-version":[{"id":264,"href":"https:\/\/21947.adrirodrigof6.es\/pl\/wp-json\/wp\/v2\/pages\/14\/revisions\/264"}],"wp:attachment":[{"href":"https:\/\/21947.adrirodrigof6.es\/pl\/wp-json\/wp\/v2\/media?parent=14"}],"curies":[{"name":"wp","href":"https:\/\/api.w.org\/{rel}","templated":true}]}}